{"id":3506,"date":"2020-01-04T11:31:55","date_gmt":"2020-01-04T16:31:55","guid":{"rendered":"https:\/\/unpasoaldia.wordpress.com\/acerca-de-2\/"},"modified":"2020-01-04T11:31:55","modified_gmt":"2020-01-04T16:31:55","slug":"acerca-de-2","status":"publish","type":"page","link":"https:\/\/unpasoaldia.housedev.co\/index.php\/acerca-de-2\/","title":{"rendered":"Acerca de"},"content":{"rendered":"\n<div class=\"wp-block-group\"><div class=\"wp-block-group__inner-container is-layout-flow wp-block-group-is-layout-flow\">\n<h2 class=\"wp-block-heading\"><span class=\"uppercase\">LUIS ALBERTO S\u00c1NCHEZ SERRANO<\/span><\/h2>\n\n\n\n<div class=\"wp-block-coblocks-gallery-collage has-small-gutter is-style-default\"><ul><li class=\"wp-block-coblocks-gallery-collage__item item-1\"><\/li><li class=\"wp-block-coblocks-gallery-collage__item item-2\"><figure class=\"wp-block-coblocks-gallery-collage__figure\"><img decoding=\"async\" src=\"http:\/\/unpasoaldia.wordpress.com\/wp-content\/uploads\/2020\/01\/d30b1-img_20190125_094805632_burst000_cover_top.jpg\" alt=\"\" data-index=\"1\" data-id=\"3568\" data-imglink=\"\" data-link=\"https:\/\/un-paso-aldia.com\/img_20190125_094805632_burst000_cover_top\/\" class=\"wp-image-3568\" \/><\/figure><\/li><li class=\"wp-block-coblocks-gallery-collage__item item-3\"><figure class=\"wp-block-coblocks-gallery-collage__figure\"><img decoding=\"async\" src=\"http:\/\/unpasoaldia.wordpress.com\/wp-content\/uploads\/2020\/01\/bd5c3-20190905_185844.jpg\" alt=\"\" data-index=\"2\" data-id=\"3569\" data-imglink=\"\" data-link=\"https:\/\/un-paso-aldia.com\/20190905_185844\/\" class=\"wp-image-3569\" \/><\/figure><\/li><li class=\"wp-block-coblocks-gallery-collage__item item-4\"><figure class=\"wp-block-coblocks-gallery-collage__figure\"><img decoding=\"async\" src=\"http:\/\/unpasoaldia.wordpress.com\/wp-content\/uploads\/2020\/01\/fbace-img_20180908_125220604.jpg\" alt=\"\" data-index=\"3\" data-id=\"3571\" data-imglink=\"\" data-link=\"https:\/\/un-paso-aldia.com\/img_20180908_125220604\/\" class=\"wp-image-3571\" \/><\/figure><\/li><li class=\"wp-block-coblocks-gallery-collage__item item-5\"><\/li><\/ul><\/div>\n\n\n\n<p><\/p>\n\n\n\n<p class=\"has-text-align-justify\"> Esposo, padre de familia, ciudadano colombiano y cat\u00f3lico comprometido con la sociedad, promueve la formaci\u00f3n de valores espirituales como conferencista y expositor del legado del <strong>Venerable Siervo de Dios Carlo Acutis y su \u201cExposici\u00f3n Internacional de los Milagros Eucar\u00edsticos en el Mundo\u201d. <\/strong>Busca impactar en la vida de las personas, las comunidades y los grupos apost\u00f3licos en hacer un verdadero cambio en la Iglesia y la sociedad, considerando todos los \u00e1mbitos que hacen crecer una civilizaci\u00f3n<strong>: lo espiritual, lo humano, lo intelectual, lo afectivo y lo social<\/strong>, teniendo como principal centro de la vida la Adoraci\u00f3n Eucar\u00edstica, la uni\u00f3n a los Sagrados Corazones a trav\u00e9s de la meditaci\u00f3n en sus respectivos dolores y la reparaci\u00f3n Eucar\u00edstica.    <\/p>\n<\/div><\/div>\n\n\n\n<div class=\"wp-block-coblocks-gallery-collage has-medium-gutter has-filter-sepia\"><ul><li class=\"wp-block-coblocks-gallery-collage__item item-1\"><figure class=\"wp-block-coblocks-gallery-collage__figure\"><img decoding=\"async\" src=\"http:\/\/unpasoaldia.wordpress.com\/wp-content\/uploads\/2020\/01\/baecb-img_20181115_113529951.jpg\" alt=\"\" data-index=\"0\" data-id=\"3573\" data-imglink=\"\" data-link=\"https:\/\/un-paso-aldia.com\/img_20181115_113529951\/\" class=\"wp-image-3573\" \/><\/figure><\/li><li class=\"wp-block-coblocks-gallery-collage__item item-2\"><\/li><li class=\"wp-block-coblocks-gallery-collage__item item-3\"><\/li><li class=\"wp-block-coblocks-gallery-collage__item item-4\"><figure class=\"wp-block-coblocks-gallery-collage__figure\"><img decoding=\"async\" src=\"http:\/\/unpasoaldia.wordpress.com\/wp-content\/uploads\/2020\/01\/46304-img-20180915-wa0023.jpg\" alt=\"\" data-index=\"3\" data-id=\"3577\" data-imglink=\"\" data-link=\"https:\/\/un-paso-aldia.com\/img-20180915-wa0023\/\" class=\"wp-image-3577\" \/><\/figure><\/li><li class=\"wp-block-coblocks-gallery-collage__item item-5\"><\/li><\/ul><\/div>\n\n\n\n<p><\/p>\n\n\n\n<p class=\"has-text-align-justify\"> Mejor conocido por sus publicaciones espirituales cat\u00f3licas en su p\u00e1gina <strong>Un-paso-aldia.com<\/strong>, su misi\u00f3n se dirige a que todas las personas que lo lean y lo escuchen se motiven en el crecimiento humano, espiritual, en valores, y busquen las riquezas de la Fe y de la Iglesia Cat\u00f3lica en su vida. \u00a0 Su ret\u00f3rica se encamina a que sus seguidores se identifiquen como seres \u00fanicos e irrepetibles, aut\u00e9nticos hijos de Dios llamados a la santidad a trav\u00e9s del Amor de los Sagrados Corazones (<em>Sagrado Coraz\u00f3n de Jes\u00fas, Inmaculado Coraz\u00f3n de Mar\u00eda y Casto Coraz\u00f3n de San Jos\u00e9<\/em>), con una naturaleza intr\u00ednsecamente buena, buscando una tendencia propia al camino de la santidad. \u00a0 <\/p>\n\n\n\n<div class=\"wp-block-image\"><figure class=\"alignright size-large is-resized\"><img loading=\"lazy\" decoding=\"async\" src=\"https:\/\/atomic-temporary-157745810.wpcomstaging.com\/wp-content\/uploads\/2020\/01\/whatsapp-image-2019-12-08-at-12.22.02-am.jpeg?w=1024\" alt=\"\" class=\"wp-image-3565\" width=\"255\" height=\"255\" \/><\/figure><\/div>\n\n\n\n<div class=\"wp-block-coblocks-gallery-collage has-small-gutter is-style-tiled\"><ul><li class=\"wp-block-coblocks-gallery-collage__item item-1\"><\/li><li class=\"wp-block-coblocks-gallery-collage__item item-2\"><figure class=\"wp-block-coblocks-gallery-collage__figure\"><img decoding=\"async\" src=\"http:\/\/unpasoaldia.wordpress.com\/wp-content\/uploads\/2020\/01\/9aab4-20190911_103243.jpg\" alt=\"\" data-index=\"1\" data-id=\"3580\" data-imglink=\"\" data-link=\"https:\/\/un-paso-aldia.com\/20190911_103243\/\" class=\"wp-image-3580\" \/><\/figure><\/li><li class=\"wp-block-coblocks-gallery-collage__item item-3\"><figure class=\"wp-block-coblocks-gallery-collage__figure\"><img decoding=\"async\" src=\"http:\/\/unpasoaldia.wordpress.com\/wp-content\/uploads\/2020\/01\/46807-20190910_084257.jpg\" alt=\"\" data-index=\"2\" data-id=\"3581\" data-imglink=\"\" data-link=\"https:\/\/un-paso-aldia.com\/20190910_084257\/\" class=\"wp-image-3581\" \/><\/figure><\/li><li class=\"wp-block-coblocks-gallery-collage__item item-4\"><figure class=\"wp-block-coblocks-gallery-collage__figure\"><img decoding=\"async\" src=\"http:\/\/unpasoaldia.wordpress.com\/wp-content\/uploads\/2020\/01\/cb582-img_20180209_070754.jpg\" alt=\"\" data-index=\"3\" data-id=\"3583\" data-imglink=\"\" data-link=\"https:\/\/un-paso-aldia.com\/img_20180209_070754\/\" class=\"wp-image-3583\" \/><\/figure><\/li><\/ul><\/div>\n\n\n\n<p class=\"has-text-align-justify\">Como conferencista busca que su p\u00fablico alcance una conciencia plena de la gran responsabilidad de ser los hijos amados de Dios que luchan de manera ardua, pero feliz, que buscan vencer su voluntad para aceptar la Divina Voluntad del Buen Padre Eterno y Misericordioso. &nbsp; Su mensaje se encamina en la l\u00ednea humana y espiritual que hace un reconocimiento coherente entre lo que somos, hacemos y sentimos; identificando que renunciando a s\u00ed mismos, renunciando a su ego y luchando por amor a Dios y a sus hermanos, se ir\u00e1 consiguiendo y trabajando en la santificaci\u00f3n y luchar\u00e1 y se esforzar\u00e1 para alcanzarla. &nbsp; Luis Alberto busca dentro de sus conferencias que exista una revalorizaci\u00f3n de lo emocional, lo contemplativo, buscando un equilibrio entre Dios, persona y sociedad en su p\u00fablico que lo escucha. <\/p>\n\n\n\n<div class=\"wp-block-coblocks-gallery-collage has-small-gutter\"><ul><li class=\"wp-block-coblocks-gallery-collage__item item-1\"><figure class=\"wp-block-coblocks-gallery-collage__figure\"><img decoding=\"async\" src=\"http:\/\/unpasoaldia.wordpress.com\/wp-content\/uploads\/2020\/01\/cffc5-carlo-luis.jpg\" alt=\"\" data-index=\"0\" data-id=\"3585\" data-imglink=\"\" data-link=\"https:\/\/un-paso-aldia.com\/carlo-luis\/\" class=\"wp-image-3585\" \/><\/figure><\/li><li class=\"wp-block-coblocks-gallery-collage__item item-2\"><\/li><li class=\"wp-block-coblocks-gallery-collage__item item-3\"><figure class=\"wp-block-coblocks-gallery-collage__figure\"><img decoding=\"async\" src=\"http:\/\/unpasoaldia.wordpress.com\/wp-content\/uploads\/2020\/01\/81618-img_20190217_070434634_hdr.jpg\" alt=\"\" data-index=\"2\" data-id=\"3587\" data-imglink=\"\" data-link=\"https:\/\/un-paso-aldia.com\/img_20190217_070434634_hdr\/\" class=\"wp-image-3587\" \/><\/figure><\/li><li class=\"wp-block-coblocks-gallery-collage__item item-4\"><figure class=\"wp-block-coblocks-gallery-collage__figure\"><img decoding=\"async\" src=\"http:\/\/unpasoaldia.wordpress.com\/wp-content\/uploads\/2020\/01\/2b9fe-img_20180510_113119.jpg\" alt=\"\" data-index=\"3\" data-id=\"3588\" data-imglink=\"\" data-link=\"https:\/\/un-paso-aldia.com\/img_20180510_113119\/\" class=\"wp-image-3588\" \/><\/figure><\/li><li class=\"wp-block-coblocks-gallery-collage__item item-5\"><figure class=\"wp-block-coblocks-gallery-collage__figure\"><img decoding=\"async\" src=\"http:\/\/unpasoaldia.wordpress.com\/wp-content\/uploads\/2020\/01\/a0812-img_20181119_202600459.jpg\" alt=\"\" data-index=\"4\" data-id=\"3589\" data-imglink=\"\" data-link=\"https:\/\/un-paso-aldia.com\/img_20181119_202600459\/\" class=\"wp-image-3589\" \/><\/figure><\/li><\/ul><\/div>\n\n\n\n<h3 class=\"has-text-align-center wp-block-heading\">Qu\u00e9 dice la gente<\/h3>\n\n\n\n<div class=\"wp-block-columns alignwide has-3-columns is-layout-flex wp-container-core-columns-is-layout-9d6595d7 wp-block-columns-is-layout-flex\">\n<div class=\"wp-block-column is-layout-flow wp-block-column-is-layout-flow\">\n<blockquote class=\"wp-block-quote is-layout-flow wp-block-quote-is-layout-flow\"><p>La Eucarist\u00eda es mi autopista al Cielo<\/p><cite>Carlo Acutis<\/cite><\/blockquote>\n<\/div>\n\n\n\n<div class=\"wp-block-column is-layout-flow wp-block-column-is-layout-flow\">\n<blockquote class=\"wp-block-quote is-layout-flow wp-block-quote-is-layout-flow\"><p>Todos nacemos como originales, pero muchos mueren como fotocopias.<\/p><cite>Carlo Acutis<\/cite><\/blockquote>\n<\/div>\n\n\n\n<div class=\"wp-block-column is-layout-flow wp-block-column-is-layout-flow\">\n<blockquote class=\"wp-block-quote is-layout-flow wp-block-quote-is-layout-flow\"><p>Nuestra meta es el Cielo, desde siempre nos esperan.<\/p><cite>Carlo Acutis<\/cite><\/blockquote>\n<\/div>\n<\/div>\n\n\n\n<div style=\"height:32px\" aria-hidden=\"true\" class=\"wp-block-spacer desktop-only\"><\/div>\n\n\n\n<hr class=\"wp-block-separator is-style-wide\" \/>\n\n\n\n<div style=\"height:32px\" aria-hidden=\"true\" class=\"wp-block-spacer desktop-only\"><\/div>\n\n\n\n<h2 class=\"has-text-align-center wp-block-heading\">Construyamos algo juntos.<\/h2>\n\n\n\n<div class=\"wp-block-button aligncenter\"><a class=\"wp-block-button__link\" href=\"#\">Ponte en contacto con nosotros<\/a><\/div>\n\n\n\n<div style=\"height:32px\" aria-hidden=\"true\" class=\"wp-block-spacer desktop-only\"><\/div>\n\n\n\n<hr class=\"wp-block-separator is-style-wide\" \/>\n\n\n\n<div style=\"height:32px\" aria-hidden=\"true\" class=\"wp-block-spacer\"><\/div>\n","protected":false},"excerpt":{"rendered":"<p>LUIS ALBERTO S\u00c1NCHEZ SERRANO Esposo, padre de familia, ciudadano colombiano y cat\u00f3lico comprometido con la sociedad, promueve la formaci\u00f3n de valores espirituales como conferencista y expositor del legado del Venerable Siervo de Dios Carlo Acutis y su \u201cExposici\u00f3n Internacional de los Milagros Eucar\u00edsticos en el Mundo\u201d. Busca impactar en la vida de las personas, las [&hellip;]<\/p>\n","protected":false},"author":1,"featured_media":0,"parent":0,"menu_order":1,"comment_status":"closed","ping_status":"closed","template":"","meta":{"footnotes":""},"class_list":["post-3506","page","type-page","status-publish","hentry"],"jetpack_sharing_enabled":true,"_links":{"self":[{"href":"https:\/\/unpasoaldia.housedev.co\/index.php\/wp-json\/wp\/v2\/pages\/3506","targetHints":{"allow":["GET"]}}],"collection":[{"href":"https:\/\/unpasoaldia.housedev.co\/index.php\/wp-json\/wp\/v2\/pages"}],"about":[{"href":"https:\/\/unpasoaldia.housedev.co\/index.php\/wp-json\/wp\/v2\/types\/page"}],"author":[{"embeddable":true,"href":"https:\/\/unpasoaldia.housedev.co\/index.php\/wp-json\/wp\/v2\/users\/1"}],"replies":[{"embeddable":true,"href":"https:\/\/unpasoaldia.housedev.co\/index.php\/wp-json\/wp\/v2\/comments?post=3506"}],"version-history":[{"count":0,"href":"https:\/\/unpasoaldia.housedev.co\/index.php\/wp-json\/wp\/v2\/pages\/3506\/revisions"}],"wp:attachment":[{"href":"https:\/\/unpasoaldia.housedev.co\/index.php\/wp-json\/wp\/v2\/media?parent=3506"}],"curies":[{"name":"wp","href":"https:\/\/api.w.org\/{rel}","templated":true}]}}